{"id":91,"date":"2023-02-23T20:28:13","date_gmt":"2023-02-23T19:28:13","guid":{"rendered":"https:\/\/guillaumebaudotcommunication.fr\/?page_id=91"},"modified":"2024-08-20T16:33:45","modified_gmt":"2024-08-20T15:33:45","slug":"qui-suis-je","status":"publish","type":"page","link":"https:\/\/guillaumebaudotcommunication.fr\/?page_id=91","title":{"rendered":"Qui suis-je ?"},"content":{"rendered":"\n<div class=\"wp-block-cover alignfull\" style=\"min-height:305px\"><span aria-hidden=\"true\" class=\"wp-block-cover__background has-background-dim\"><\/span><img decoding=\"async\" loading=\"lazy\" width=\"2560\" height=\"1707\" class=\"wp-block-cover__image-background wp-image-95\" alt=\"\" src=\"https:\/\/guillaumebaudotcommunication.fr\/wp-content\/uploads\/2023\/02\/Background-1-scaled.jpg\" data-object-fit=\"cover\" srcset=\"https:\/\/guillaumebaudotcommunication.fr\/wp-content\/uploads\/2023\/02\/Background-1-scaled.jpg 2560w, https:\/\/guillaumebaudotcommunication.fr\/wp-content\/uploads\/2023\/02\/Background-1-300x200.jpg 300w, https:\/\/guillaumebaudotcommunication.fr\/wp-content\/uploads\/2023\/02\/Background-1-1024x683.jpg 1024w, https:\/\/guillaumebaudotcommunication.fr\/wp-content\/uploads\/2023\/02\/Background-1-768x512.jpg 768w, https:\/\/guillaumebaudotcommunication.fr\/wp-content\/uploads\/2023\/02\/Background-1-1536x1024.jpg 1536w, https:\/\/guillaumebaudotcommunication.fr\/wp-content\/uploads\/2023\/02\/Background-1-2048x1365.jpg 2048w\" sizes=\"(max-width: 2560px) 100vw, 2560px\" \/><div class=\"wp-block-cover__inner-container\">\n<p class=\"has-text-align-center has-foreground-color has-text-color has-link-color has-huge-font-size wp-elements-ff551860d223dcb81315ed3783d94419\"><strong>Qui suis-je ?<\/strong><\/p>\n<\/div><\/div>\n\n\n\n<div class=\"wp-block-media-text alignwide has-media-on-the-right is-stacked-on-mobile has-background\" style=\"background:linear-gradient(135deg,rgb(255,214,8) 0%,rgb(253,194,9) 100%);margin-top:var(--wp--preset--spacing--80);margin-right:var(--wp--preset--spacing--80);margin-bottom:var(--wp--preset--spacing--80);margin-left:var(--wp--preset--spacing--80);padding-top:var(--wp--preset--spacing--40);padding-right:var(--wp--preset--spacing--40);padding-bottom:var(--wp--preset--spacing--40);padding-left:var(--wp--preset--spacing--40);grid-template-columns:auto 34%\"><div class=\"wp-block-media-text__content\">\n<p class=\"has-text-color has-big-font-size\" style=\"color:#1d1d1b\"><strong>Guillaume BAUDOT &#8211;<\/strong><\/p>\n\n\n\n<p><\/p>\n\n\n\n<p class=\"has-text-color\" style=\"color:#1d1d1b\">Charg\u00e9 de communication freelance originaire de Vielle-Tursan dans les Landes. <\/p>\n\n\n\n<p class=\"has-text-color\" style=\"color:#1d1d1b\">Titulaire d&#8217;un BAC +3 en communication j&#8217;ai d\u00e9cid\u00e9 de me lancer dans la voie de l&#8217;entrepreneuriat.<\/p>\n\n\n\n<p class=\"has-text-color\" style=\"color:#1d1d1b\">Geek de la famille depuis tout petit, je me plais \u00e0 imaginer et cr\u00e9er divers projets digitaux ou prints. Que ce soit du graphisme, de la strat\u00e9gie de communication ou bien des sites web !<\/p>\n<\/div><figure class=\"wp-block-media-text__media\"><img decoding=\"async\" loading=\"lazy\" width=\"794\" height=\"794\" src=\"https:\/\/guillaumebaudotcommunication.fr\/wp-content\/uploads\/2023\/02\/cmoiwesh.png\" alt=\"\" class=\"wp-image-131 size-full\" srcset=\"https:\/\/guillaumebaudotcommunication.fr\/wp-content\/uploads\/2023\/02\/cmoiwesh.png 794w, https:\/\/guillaumebaudotcommunication.fr\/wp-content\/uploads\/2023\/02\/cmoiwesh-300x300.png 300w, https:\/\/guillaumebaudotcommunication.fr\/wp-content\/uploads\/2023\/02\/cmoiwesh-150x150.png 150w, https:\/\/guillaumebaudotcommunication.fr\/wp-content\/uploads\/2023\/02\/cmoiwesh-768x768.png 768w\" sizes=\"(max-width: 794px) 100vw, 794px\" \/><\/figure><\/div>\n\n\n\n<div class=\"wp-block-group alignfull has-background is-layout-constrained\" style=\"border-style:none;border-width:0px;background-color:#fdfaf1;padding-top:80px;padding-right:30px;padding-bottom:80px;padding-left:30px\">\n<h2 class=\"wp-block-heading has-text-align-center has-text-color\" style=\"color:#1d1d1b\">Mon parcours<\/h2>\n\n\n\n<div class=\"wp-block-columns alignwide is-layout-flex wp-container-10\">\n<div class=\"wp-block-column is-vertically-aligned-center is-layout-flow\">\n<div class=\"wp-block-group alignwide has-box-shadow has-border-color has-background-border-color has-text-color has-background has-link-color wp-elements-dfeb0e0ba71e0c080e21e90f5fdf618e is-layout-constrained wp-container-2\" style=\"border-width:2px;border-radius:50px;color:#1d1d1b;background:linear-gradient(135deg,rgb(255,214,8) 0%,rgb(253,194,9) 100%);padding-top:50px;padding-right:50px;padding-bottom:50px;padding-left:50px\">\n<div class=\"wp-block-group is-layout-flow wp-container-1\" style=\"padding-top:0px;padding-right:0px;padding-bottom:0px;padding-left:0px\">\n<h3 class=\"wp-block-heading has-text-align-left has-text-color\" style=\"color:#1d1d1b;margin-top:0px;margin-right:0px;margin-bottom:15px;margin-left:0px\">DUT MMI (M\u00e9tiers du Multim\u00e9dia et de l&#8217;Internet)<\/h3>\n\n\n\n<p class=\"has-text-align-center has-big-font-size\"><strong>2019 &#8211; 2021<\/strong><\/p>\n\n\n\n<p>DUT effectu\u00e9 \u00e0 l&#8217;IUT de Tarbes de 2019 \u00e0 2021. <\/p>\n\n\n\n<p>J&#8217;ai pu y suivre des cours de communication, graphisme, web design, audiovisuel et bien d&#8217;autres mati\u00e8res du digital.<\/p>\n<\/div>\n<\/div>\n<\/div>\n\n\n\n<div class=\"wp-block-column is-vertically-aligned-center is-layout-flow\">\n<div class=\"wp-block-group alignwide has-box-shadow has-border-color has-background-border-color has-background is-layout-constrained wp-container-5\" style=\"border-width:2px;border-radius:50px;background-color:#1d1d1b;padding-top:50px;padding-right:50px;padding-bottom:50px;padding-left:50px\">\n<div class=\"wp-block-group is-layout-flow wp-container-4\" style=\"padding-top:0px;padding-right:0px;padding-bottom:0px;padding-left:0px\">\n<h3 class=\"wp-block-heading has-text-align-left has-link-color wp-elements-7c0f69bac3bbcba0ffcaa025b7ef7dbb\" style=\"margin-top:0px;margin-right:0px;margin-bottom:15px;margin-left:0px\">LP CC (Licence Professionnelle Charg\u00e9 de Communication)<\/h3>\n\n\n\n<p class=\"has-text-align-center has-foreground-color has-text-color has-large-font-size\"><strong>2021 &#8211; 2022<\/strong><\/p>\n\n\n\n<p class=\"has-foreground-color has-text-color\">Licence professionnelle effectu\u00e9e \u00e0 l&#8217;IUT de Mulhouse en Alsace afin de me sp\u00e9cialiser dans la communication globale. J&#8217;ai pu peaufiner mes comp\u00e9tences dans ce milieu et effectuer une alternance en parall\u00e8le pour le cabinet de gestion de patrimoine Patrimoine Consultant Colmar. <\/p>\n<\/div>\n<\/div>\n<\/div>\n\n\n\n<div class=\"wp-block-column is-vertically-aligned-center is-layout-flow\">\n<div class=\"wp-block-group alignwide has-box-shadow has-border-color has-background-border-color has-text-color has-background has-link-color wp-elements-9999deadc49453d61dfbfcbd63303bf5 is-layout-constrained wp-container-8\" style=\"border-width:2px;border-radius:50px;color:#1d1d1b;background:linear-gradient(135deg,rgb(255,214,8) 0%,rgb(253,194,9) 100%);padding-top:50px;padding-right:50px;padding-bottom:50px;padding-left:50px\">\n<div class=\"wp-block-group is-layout-flow wp-container-7\" style=\"padding-top:0px;padding-right:0px;padding-bottom:0px;padding-left:0px\">\n<h3 class=\"wp-block-heading has-text-align-left has-text-color\" style=\"color:#1d1d1b;margin-top:0px;margin-right:0px;margin-bottom:15px;margin-left:0px\">Charg\u00e9 de communication en auto entreprise<\/h3>\n\n\n\n<p class=\"has-text-align-center has-big-font-size\"><strong>2022 &#8211; aujourd&#8217;hui<\/strong><\/p>\n\n\n\n<p>Depuis Octobre 2022 je suis un charg\u00e9 de communication freelance. Je propose mes services et comp\u00e9tences pour vos entreprises mais aussi vos projets personnels. <\/p>\n\n\n\n<p>Plusieurs clients me font d\u00e9j\u00e0 confiance, alors pourquoi pas vous ?<\/p>\n<\/div>\n<\/div>\n<\/div>\n<\/div>\n\n\n\n<div class=\"wp-block-group is-layout-constrained\">\n<p class=\"has-text-align-center has-text-color\" style=\"color:#1d1d1b\">Ecrivons la suite ensemble !<\/p>\n<\/div>\n<\/div>\n\n\n\n<hr class=\"wp-block-separator has-alpha-channel-opacity is-style-default\" style=\"margin-top:var(--wp--preset--spacing--60);margin-bottom:var(--wp--preset--spacing--60)\"\/>\n","protected":false},"excerpt":{"rendered":"<p>Guillaume BAUDOT &#8211; Charg\u00e9 de communication freelance originaire de Vielle-Tursan dans les Landes. Titulaire d&#8217;un [&hellip;]<\/p>\n","protected":false},"author":1,"featured_media":0,"parent":0,"menu_order":0,"comment_status":"closed","ping_status":"closed","template":"page-no-title","meta":{"om_disable_all_campaigns":false,"_mi_skip_tracking":false},"aioseo_notices":[],"_links":{"self":[{"href":"https:\/\/guillaumebaudotcommunication.fr\/index.php?rest_route=\/wp\/v2\/pages\/91"}],"collection":[{"href":"https:\/\/guillaumebaudotcommunication.fr\/index.php?rest_route=\/wp\/v2\/pages"}],"about":[{"href":"https:\/\/guillaumebaudotcommunication.fr\/index.php?rest_route=\/wp\/v2\/types\/page"}],"author":[{"embeddable":true,"href":"https:\/\/guillaumebaudotcommunication.fr\/index.php?rest_route=\/wp\/v2\/users\/1"}],"replies":[{"embeddable":true,"href":"https:\/\/guillaumebaudotcommunication.fr\/index.php?rest_route=%2Fwp%2Fv2%2Fcomments&post=91"}],"version-history":[{"count":20,"href":"https:\/\/guillaumebaudotcommunication.fr\/index.php?rest_route=\/wp\/v2\/pages\/91\/revisions"}],"predecessor-version":[{"id":244,"href":"https:\/\/guillaumebaudotcommunication.fr\/index.php?rest_route=\/wp\/v2\/pages\/91\/revisions\/244"}],"wp:attachment":[{"href":"https:\/\/guillaumebaudotcommunication.fr\/index.php?rest_route=%2Fwp%2Fv2%2Fmedia&parent=91"}],"curies":[{"name":"wp","href":"https:\/\/api.w.org\/{rel}","templated":true}]}}